{"id":2583,"date":"2025-09-17T20:11:51","date_gmt":"2025-09-17T18:11:51","guid":{"rendered":"https:\/\/staging.passepartout-versand.de\/produkt\/passepartout-24x30\/"},"modified":"2025-10-10T20:33:28","modified_gmt":"2025-10-10T18:33:28","slug":"mpassepartout-24-x-30","status":"publish","type":"product","link":"https:\/\/staging.passepartout-versand.de\/en\/produkt\/mpassepartout-24-x-30\/","title":{"rendered":"Passepartout 24 x 30"},"content":{"rendered":"<p>Das Passepartout haben wir in folgenden Farben und Qualit\u00e4ten im Sortiment:<br \/>Wei\u00df porzellan (101-W) <br \/>Wei\u00df elfenbein (102-W)<br \/>Wei\u00df rein (901-W)<br \/>Grau dunkel (902-W)<br \/>Grau hell (400-W)<br \/>Grau mittel (403-W)<br \/>Schwarz (404-W)<br \/>Wei\u00df gedeckt (101-CB)<br \/>Wei\u00df lindbeige (102-CB)<br \/>Wei\u00df naturwei\u00df (101-RM)<br \/>Creme (104-S) 2,0 mm<br \/>Wei\u00df rein (101-S) 2,0 mm<\/p>\n<p>Weitere Farben und Qualit\u00e4ten in individuellen Gr\u00f6\u00dfen mit einer frei w\u00e4hlbaren Anzahl und Form von Ausschnitten finden Sie im Bereich <a href=\"https:\/\/www.passepartout-versand.de\/content\/designer-passepartout\/?\" target=\"_parent\">Passepartout nach Ma\u00df<\/a> <br \/>Gestalten Sie sich hier das gew\u00fcnschte Passepartout, entscheiden Sie sich f\u00fcr eine R\u00fcckwand  und w\u00e4hlen Sie dann &#8220;fertigen zum Einsteck-Passepartout&#8221; aus.<br \/>Der Passepartoutrand sollte m\u00f6glichst mindestens eine Breite von 3.0 cm haben. F\u00fcr Ma\u00dfe darunter nehmen Sie gerne Kontakt zu uns auf.<\/p>\n<p><b>Eigenschaften White-Core-Qualit\u00e4t:<\/b><br \/>&#8211; s\u00e4urefrei durch Pufferung mit Kalziumkarbonat<br \/>&#8211; ph-Wert: 7,7 &#8211; 8,5<br \/>&#8211; dauerhaft wei\u00dfer Kern<br \/><b>Eigenschaften Conservation-Board-Qualit\u00e4t:<\/b><br \/>-Alterungsbest\u00e4ndig nach DIN ISO 9706<br \/>-s\u00e4urefrei durch Pufferung mit Kalziumkarbonat<br \/>&#8211; ph-Wert: 8,0 &#8211; 9,0<br \/><b>Eigenschaften Rag-Mat-Qualit\u00e4t:<\/b><br \/>&#8211; h\u00f6chste Qualit\u00e4t aus reiner Baumwollzellulose<br \/>&#8211; durchgef\u00e4rbtes Kernmaterial<br \/>&#8211; Alterungsbest\u00e4ndig nach DIN ISO 9706<br \/>-s\u00e4urefrei durch Pufferung mit Kalziumkarbonat<br \/>&#8211; ph-Wert: 8,0 &#8211; 9,0<br \/><b>Eigenschaften MSK-Natur-Qualit\u00e4t:<\/b><br \/>-Alterungsbest\u00e4ndig nach DIN ISO 9706<br \/>-durchgef\u00e4rbter Kern<br \/>-s\u00e4urefrei durch Pufferung mit Kalziumkarbonat<br \/>&#8211; ph-Wert: 8,0 &#8211; 9,0<\/p>\n","protected":false},"excerpt":{"rendered":"<p>In 1 Ausschnittgr\u00f6\u00dfe und 10 Farben.<\/p>\n","protected":false},"featured_media":2299,"comment_status":"open","ping_status":"closed","template":"","meta":{"_uag_custom_page_level_css":"","site-sidebar-layout":"default","site-content-layout":"","ast-site-content-layout":"default","site-content-style":"default","site-sidebar-style":"default","ast-global-header-display":"","ast-banner-title-visibility":"","ast-main-header-display":"","ast-hfb-above-header-display":"","ast-hfb-below-header-display":"","ast-hfb-mobile-header-display":"","site-post-title":"","ast-breadcrumbs-content":"","ast-featured-img":"","footer-sml-layout":"","ast-disable-related-posts":"","theme-transparent-header-meta":"default","adv-header-id-meta":"","stick-header-meta":"","header-above-stick-meta":"","header-main-stick-meta":"","header-below-stick-meta":"","astra-migrate-meta-layouts":"set","ast-page-background-enabled":"default","ast-page-background-meta":{"desktop":{"background-color":"var(--ast-global-color-4)","background-image":"","background-repeat":"repeat","background-position":"center center","background-size":"auto","background-attachment":"scroll","background-type":"","background-media":"","overlay-type":"","overlay-color":"","overlay-opacity":"","overlay-gradient":""},"tablet":{"background-color":"","background-image":"","background-repeat":"repeat","background-position":"center center","background-size":"auto","background-attachment":"scroll","background-type":"","background-media":"","overlay-type":"","overlay-color":"","overlay-opacity":"","overlay-gradient":""},"mobile":{"background-color":"","background-image":"","background-repeat":"repeat","background-position":"center center","background-size":"auto","background-attachment":"scroll","background-type":"","background-media":"","overlay-type":"","overlay-color":"","overlay-opacity":"","overlay-gradient":""}},"ast-content-background-meta":{"desktop":{"background-color":"var(--ast-global-color-5)","background-image":"","background-repeat":"repeat","background-position":"center center","background-size":"auto","background-attachment":"scroll","background-type":"","background-media":"","overlay-type":"","overlay-color":"","overlay-opacity":"","overlay-gradient":""},"tablet":{"background-color":"var(--ast-global-color-5)","background-image":"","background-repeat":"repeat","background-position":"center center","background-size":"auto","background-attachment":"scroll","background-type":"","background-media":"","overlay-type":"","overlay-color":"","overlay-opacity":"","overlay-gradient":""},"mobile":{"background-color":"var(--ast-global-color-5)","background-image":"","background-repeat":"repeat","background-position":"center center","background-size":"auto","background-attachment":"scroll","background-type":"","background-media":"","overlay-type":"","overlay-color":"","overlay-opacity":"","overlay-gradient":""}}},"product_brand":[],"product_cat":[120],"product_tag":[],"class_list":{"0":"post-2583","1":"product","2":"type-product","3":"status-publish","4":"has-post-thumbnail","6":"product_cat-passepartouts-mehrfach","7":"pa_ausschnittgroesse-14-x-9-cm","8":"pa_multi-ausschnitt-14-x-9-cm-x-2-rechteckig","9":"pa_multi-farbe-weiss-naturweiss-101-rm","10":"pa_multi-farbe-weiss-porzellan-101-w","11":"pa_multi-farbe-weiss-elfenbein-102-w","12":"pa_multi-farbe-weiss-rein-901-w","13":"pa_multi-farbe-grau-dunkel-902-w","14":"pa_multi-farbe-grau-hell-400-w","15":"pa_multi-farbe-grau-mittel-403-w","16":"pa_multi-farbe-schwarz-404-w","17":"pa_multi-farbe-weiss-gedeckt-101-cb","18":"pa_multi-farbe-weiss-lindbeige-102-cb","19":"desktop-align-left","20":"tablet-align-left","21":"mobile-align-left","22":"ast-product-gallery-layout-horizontal-slider","23":"ast-product-single-variable","24":"ast-product-tabs-layout-horizontal","26":"first","27":"instock","28":"taxable","29":"shipping-taxable","30":"purchasable","31":"product-type-variable","32":"has-default-attributes"},"uagb_featured_image_src":{"full":["https:\/\/staging.passepartout-versand.de\/wp-content\/uploads\/10020-35-scaled.jpg",2560,2560,false],"thumbnail":["https:\/\/staging.passepartout-versand.de\/wp-content\/uploads\/10020-35-150x150.jpg",150,150,true],"medium":["https:\/\/staging.passepartout-versand.de\/wp-content\/uploads\/10020-35-300x300.jpg",300,300,true],"medium_large":["https:\/\/staging.passepartout-versand.de\/wp-content\/uploads\/10020-35-768x768.jpg",768,768,true],"large":["https:\/\/staging.passepartout-versand.de\/wp-content\/uploads\/10020-35-1024x1024.jpg",1024,1024,true],"1536x1536":["https:\/\/staging.passepartout-versand.de\/wp-content\/uploads\/10020-35-1536x1536.jpg",1536,1536,true],"2048x2048":["https:\/\/staging.passepartout-versand.de\/wp-content\/uploads\/10020-35-2048x2048.jpg",2048,2048,true],"woocommerce_thumbnail":["https:\/\/staging.passepartout-versand.de\/wp-content\/uploads\/10020-35-300x300.jpg",300,300,true],"woocommerce_single":["https:\/\/staging.passepartout-versand.de\/wp-content\/uploads\/10020-35-600x600.jpg",600,600,true],"woocommerce_gallery_thumbnail":["https:\/\/staging.passepartout-versand.de\/wp-content\/uploads\/10020-35-100x100.jpg",100,100,true],"variation_swatches_image_size":["https:\/\/staging.passepartout-versand.de\/wp-content\/uploads\/10020-35-scaled.jpg",50,50,false],"variation_swatches_tooltip_size":["https:\/\/staging.passepartout-versand.de\/wp-content\/uploads\/10020-35-scaled.jpg",100,100,false]},"uagb_author_info":{"display_name":"Sven Hinrichs","author_link":"https:\/\/staging.passepartout-versand.de\/en\/author\/"},"uagb_comment_info":0,"uagb_excerpt":"In 1 Ausschnittgr\u00f6\u00dfe und 10 Farben.","_links":{"self":[{"href":"https:\/\/staging.passepartout-versand.de\/en\/wp-json\/wp\/v2\/product\/2583","targetHints":{"allow":["GET"]}}],"collection":[{"href":"https:\/\/staging.passepartout-versand.de\/en\/wp-json\/wp\/v2\/product"}],"about":[{"href":"https:\/\/staging.passepartout-versand.de\/en\/wp-json\/wp\/v2\/types\/product"}],"replies":[{"embeddable":true,"href":"https:\/\/staging.passepartout-versand.de\/en\/wp-json\/wp\/v2\/comments?post=2583"}],"wp:featuredmedia":[{"embeddable":true,"href":"https:\/\/staging.passepartout-versand.de\/en\/wp-json\/wp\/v2\/media\/2299"}],"wp:attachment":[{"href":"https:\/\/staging.passepartout-versand.de\/en\/wp-json\/wp\/v2\/media?parent=2583"}],"wp:term":[{"taxonomy":"product_brand","embeddable":true,"href":"https:\/\/staging.passepartout-versand.de\/en\/wp-json\/wp\/v2\/product_brand?post=2583"},{"taxonomy":"product_cat","embeddable":true,"href":"https:\/\/staging.passepartout-versand.de\/en\/wp-json\/wp\/v2\/product_cat?post=2583"},{"taxonomy":"product_tag","embeddable":true,"href":"https:\/\/staging.passepartout-versand.de\/en\/wp-json\/wp\/v2\/product_tag?post=2583"}],"curies":[{"name":"wp","href":"https:\/\/api.w.org\/{rel}","templated":true}]}}