{"id":2586,"date":"2025-09-17T20:11:52","date_gmt":"2025-09-17T18:11:52","guid":{"rendered":"https:\/\/staging.passepartout-versand.de\/produkt\/passepartout-40x50\/"},"modified":"2025-10-10T20:33:29","modified_gmt":"2025-10-10T18:33:29","slug":"mpassepartout-40-x-50","status":"publish","type":"product","link":"https:\/\/staging.passepartout-versand.de\/fr\/produkt\/mpassepartout-40-x-50\/","title":{"rendered":"Passepartout 40 x 50"},"content":{"rendered":"<p>Das Passepartout haben wir in folgenden Farben und Qualit\u00e4ten im Sortiment:<br \/>Wei\u00df porzellan (101-W) <br \/>Wei\u00df elfenbein (102-W)<br \/>Wei\u00df rein (901-W)<br \/>Grau dunkel (902-W)<br \/>Grau hell (400-W)<br \/>Grau mittel (403-W)<br \/>Schwarz (404-W)<br \/>Wei\u00df gedeckt (101-CB)<br \/>Wei\u00df lindbeige (102-CB)<br \/>Wei\u00df naturwei\u00df (101-RM)<br \/>Creme (104-S) 2,0 mm<br \/>Wei\u00df rein (101-S) 2,0 mm<\/p>\n<p>Weitere Farben und Qualit\u00e4ten in individuellen Gr\u00f6\u00dfen mit einer frei w\u00e4hlbaren Anzahl und Form von Ausschnitten finden Sie im Bereich <a href=\"https:\/\/www.passepartout-versand.de\/content\/designer-passepartout\/?\" target=\"_parent\">Passepartout nach Ma\u00df<\/a> <br \/>Gestalten Sie sich hier das gew\u00fcnschte Passepartout, entscheiden Sie sich f\u00fcr eine R\u00fcckwand  und w\u00e4hlen Sie dann \u00ab\u00a0fertigen zum Einsteck-Passepartout\u00a0\u00bb aus.<br \/>Der Passepartoutrand sollte m\u00f6glichst mindestens eine Breite von 3.0 cm haben. F\u00fcr Ma\u00dfe darunter nehmen Sie gerne Kontakt zu uns auf.<\/p>\n<p><b>Eigenschaften White-Core-Qualit\u00e4t:<\/b><br \/>&#8211; s\u00e4urefrei durch Pufferung mit Kalziumkarbonat<br \/>&#8211; ph-Wert: 7,7 &#8211; 8,5<br \/>&#8211; dauerhaft wei\u00dfer Kern<br \/><b>Eigenschaften Conservation-Board-Qualit\u00e4t:<\/b><br \/>-Alterungsbest\u00e4ndig nach DIN ISO 9706<br \/>-s\u00e4urefrei durch Pufferung mit Kalziumkarbonat<br \/>&#8211; ph-Wert: 8,0 &#8211; 9,0<br \/><b>Eigenschaften Rag-Mat-Qualit\u00e4t:<\/b><br \/>&#8211; h\u00f6chste Qualit\u00e4t aus reiner Baumwollzellulose<br \/>&#8211; durchgef\u00e4rbtes Kernmaterial<br \/>&#8211; Alterungsbest\u00e4ndig nach DIN ISO 9706<br \/>-s\u00e4urefrei durch Pufferung mit Kalziumkarbonat<br \/>&#8211; ph-Wert: 8,0 &#8211; 9,0<br \/><b>Eigenschaften MSK-Natur-Qualit\u00e4t:<\/b><br \/>-Alterungsbest\u00e4ndig nach DIN ISO 9706<br \/>-durchgef\u00e4rbter Kern<br \/>-s\u00e4urefrei durch Pufferung mit Kalziumkarbonat<br \/>&#8211; ph-Wert: 8,0 &#8211; 9,0<\/p>\n","protected":false},"excerpt":{"rendered":"<p>In 6 Ausschnittgr\u00f6\u00dfen und 10 Farben.<\/p>\n","protected":false},"featured_media":2391,"comment_status":"open","ping_status":"closed","template":"","meta":{"_uag_custom_page_level_css":"","site-sidebar-layout":"default","site-content-layout":"","ast-site-content-layout":"default","site-content-style":"default","site-sidebar-style":"default","ast-global-header-display":"","ast-banner-title-visibility":"","ast-main-header-display":"","ast-hfb-above-header-display":"","ast-hfb-below-header-display":"","ast-hfb-mobile-header-display":"","site-post-title":"","ast-breadcrumbs-content":"","ast-featured-img":"","footer-sml-layout":"","ast-disable-related-posts":"","theme-transparent-header-meta":"default","adv-header-id-meta":"","stick-header-meta":"","header-above-stick-meta":"","header-main-stick-meta":"","header-below-stick-meta":"","astra-migrate-meta-layouts":"set","ast-page-background-enabled":"default","ast-page-background-meta":{"desktop":{"background-color":"var(--ast-global-color-4)","background-image":"","background-repeat":"repeat","background-position":"center center","background-size":"auto","background-attachment":"scroll","background-type":"","background-media":"","overlay-type":"","overlay-color":"","overlay-opacity":"","overlay-gradient":""},"tablet":{"background-color":"","background-image":"","background-repeat":"repeat","background-position":"center center","background-size":"auto","background-attachment":"scroll","background-type":"","background-media":"","overlay-type":"","overlay-color":"","overlay-opacity":"","overlay-gradient":""},"mobile":{"background-color":"","background-image":"","background-repeat":"repeat","background-position":"center center","background-size":"auto","background-attachment":"scroll","background-type":"","background-media":"","overlay-type":"","overlay-color":"","overlay-opacity":"","overlay-gradient":""}},"ast-content-background-meta":{"desktop":{"background-color":"var(--ast-global-color-5)","background-image":"","background-repeat":"repeat","background-position":"center center","background-size":"auto","background-attachment":"scroll","background-type":"","background-media":"","overlay-type":"","overlay-color":"","overlay-opacity":"","overlay-gradient":""},"tablet":{"background-color":"var(--ast-global-color-5)","background-image":"","background-repeat":"repeat","background-position":"center center","background-size":"auto","background-attachment":"scroll","background-type":"","background-media":"","overlay-type":"","overlay-color":"","overlay-opacity":"","overlay-gradient":""},"mobile":{"background-color":"var(--ast-global-color-5)","background-image":"","background-repeat":"repeat","background-position":"center center","background-size":"auto","background-attachment":"scroll","background-type":"","background-media":"","overlay-type":"","overlay-color":"","overlay-opacity":"","overlay-gradient":""}}},"product_brand":[],"product_cat":[120],"product_tag":[],"class_list":{"0":"post-2586","1":"product","2":"type-product","3":"status-publish","4":"has-post-thumbnail","6":"product_cat-passepartouts-mehrfach","7":"pa_ausschnittgroesse-14-x-9-cm","8":"pa_ausschnittgroesse-9-x-9-cm","9":"pa_ausschnittgroesse-17-x-12-cm","10":"pa_ausschnittgroesse-12-x-17-cm_fr","11":"pa_ausschnittgroesse-29-x-19-cm","12":"pa_ausschnittgroesse-12-x-12-cm_fr","13":"pa_multi-ausschnitt-12-x-12-cm-x-4-quadratisch","14":"pa_multi-ausschnitt-9-x-9-cm-x-9-quadratisch","15":"pa_multi-ausschnitt-14-x-9-cm-x-8-rechteckig","16":"pa_multi-ausschnitt-14-x-9-cm-x-6-rechteckig","17":"pa_multi-ausschnitt-12-x-17-cm-x-4-rechteckig","18":"pa_multi-ausschnitt-29-x-19-cm-x-2-rechteckig","19":"pa_multi-ausschnitt-17-x-12-cm-x-3-rechteckig","20":"pa_multi-farbe-grau-mittel-403-w","21":"pa_multi-farbe-schwarz-404-w","22":"pa_multi-farbe-weiss-gedeckt-101-cb","23":"pa_multi-farbe-weiss-lindbeige-102-cb","24":"pa_multi-farbe-weiss-naturweiss-101-rm","25":"pa_multi-farbe-weiss-porzellan-101-w","26":"pa_multi-farbe-weiss-elfenbein-102-w","27":"pa_multi-farbe-weiss-rein-901-w","28":"pa_multi-farbe-grau-dunkel-902-w","29":"pa_multi-farbe-grau-hell-400-w","30":"desktop-align-left","31":"tablet-align-left","32":"mobile-align-left","33":"ast-product-gallery-layout-horizontal-slider","34":"ast-product-single-variable","35":"ast-product-tabs-layout-horizontal","37":"first","38":"instock","39":"taxable","40":"shipping-taxable","41":"purchasable","42":"product-type-variable","43":"has-default-attributes"},"uagb_featured_image_src":{"full":["https:\/\/staging.passepartout-versand.de\/wp-content\/uploads\/10020-60-scaled.jpg",2560,2560,false],"thumbnail":["https:\/\/staging.passepartout-versand.de\/wp-content\/uploads\/10020-60-150x150.jpg",150,150,true],"medium":["https:\/\/staging.passepartout-versand.de\/wp-content\/uploads\/10020-60-300x300.jpg",300,300,true],"medium_large":["https:\/\/staging.passepartout-versand.de\/wp-content\/uploads\/10020-60-768x768.jpg",768,768,true],"large":["https:\/\/staging.passepartout-versand.de\/wp-content\/uploads\/10020-60-1024x1024.jpg",1024,1024,true],"1536x1536":["https:\/\/staging.passepartout-versand.de\/wp-content\/uploads\/10020-60-1536x1536.jpg",1536,1536,true],"2048x2048":["https:\/\/staging.passepartout-versand.de\/wp-content\/uploads\/10020-60-2048x2048.jpg",2048,2048,true],"woocommerce_thumbnail":["https:\/\/staging.passepartout-versand.de\/wp-content\/uploads\/10020-60-300x300.jpg",300,300,true],"woocommerce_single":["https:\/\/staging.passepartout-versand.de\/wp-content\/uploads\/10020-60-600x600.jpg",600,600,true],"woocommerce_gallery_thumbnail":["https:\/\/staging.passepartout-versand.de\/wp-content\/uploads\/10020-60-100x100.jpg",100,100,true],"variation_swatches_image_size":["https:\/\/staging.passepartout-versand.de\/wp-content\/uploads\/10020-60-scaled.jpg",50,50,false],"variation_swatches_tooltip_size":["https:\/\/staging.passepartout-versand.de\/wp-content\/uploads\/10020-60-scaled.jpg",100,100,false]},"uagb_author_info":{"display_name":"Sven Hinrichs","author_link":"https:\/\/staging.passepartout-versand.de\/fr\/author\/"},"uagb_comment_info":0,"uagb_excerpt":"In 6 Ausschnittgr\u00f6\u00dfen und 10 Farben.","_links":{"self":[{"href":"https:\/\/staging.passepartout-versand.de\/fr\/wp-json\/wp\/v2\/product\/2586","targetHints":{"allow":["GET"]}}],"collection":[{"href":"https:\/\/staging.passepartout-versand.de\/fr\/wp-json\/wp\/v2\/product"}],"about":[{"href":"https:\/\/staging.passepartout-versand.de\/fr\/wp-json\/wp\/v2\/types\/product"}],"replies":[{"embeddable":true,"href":"https:\/\/staging.passepartout-versand.de\/fr\/wp-json\/wp\/v2\/comments?post=2586"}],"wp:featuredmedia":[{"embeddable":true,"href":"https:\/\/staging.passepartout-versand.de\/fr\/wp-json\/wp\/v2\/media\/2391"}],"wp:attachment":[{"href":"https:\/\/staging.passepartout-versand.de\/fr\/wp-json\/wp\/v2\/media?parent=2586"}],"wp:term":[{"taxonomy":"product_brand","embeddable":true,"href":"https:\/\/staging.passepartout-versand.de\/fr\/wp-json\/wp\/v2\/product_brand?post=2586"},{"taxonomy":"product_cat","embeddable":true,"href":"https:\/\/staging.passepartout-versand.de\/fr\/wp-json\/wp\/v2\/product_cat?post=2586"},{"taxonomy":"product_tag","embeddable":true,"href":"https:\/\/staging.passepartout-versand.de\/fr\/wp-json\/wp\/v2\/product_tag?post=2586"}],"curies":[{"name":"wp","href":"https:\/\/api.w.org\/{rel}","templated":true}]}}