{"id":4964,"date":"2025-07-01T17:20:18","date_gmt":"2025-07-01T15:20:18","guid":{"rendered":"https:\/\/staging.passepartout-versand.de\/produkt\/passepartout-13-x-18-2\/"},"modified":"2026-04-16T00:07:21","modified_gmt":"2026-04-15T22:07:21","slug":"passepartout-13-x-18-2","status":"publish","type":"product","link":"https:\/\/staging.passepartout-versand.de\/fr\/produkt\/passepartout-13-x-18-2\/","title":{"rendered":"Passepartout 13 x 18"},"content":{"rendered":"<p>Le passe-partout est disponible dans les coloris et qualit\u00e9s suivantes: <br \/>blanc porcelaine (101-W) 1,4 mm<br \/>blanc ivoire (102-W) 1,4 mm<br \/>blanc pur (901-W) 1,4 mm<br \/>gris fonc\u00e9 (902-W) 1,4 mm<br \/>gris clair (400-W) 1,4 mm<br \/>gris moyen (403-W) 1,4 mm<br \/>noir (404-W) 1,4 mm<br \/>blanc couvrant (101-CB) 1,7 mm<br \/>beige naturel (102-CB) 1, mm<br \/>blanc nature (101-RM) 1,5 mm<br \/>blanc cr\u00e8me (104-S) 2,0 mm<br \/>blanc pur (101-S) 2,0 mm<\/p>\n<p>Vous pouvez choisir d\u2019autres coloris et qualit\u00e9s de carton dans la rubrique <a href=\"https:\/\/www.passepartout-versand.de\/content\/designer-passepartout\/?\" target=\"_parent\">passe-partout sur mesure<\/a> avec les formats de d\u00e9coupes ext\u00e9rieure et int\u00e9rieure de votre choix.<\/p>\n<p><b>Propri\u00e9t\u00e9s de la qualit\u00e9 White Core:<\/b><br \/>&#8211;\u00a0\u00a0\u00a0\u00a0\u00a0\u00a0\u00a0 sans acide par tamponnage au carbonate de calcium<br \/>&#8211;\u00a0\u00a0\u00a0\u00a0\u00a0\u00a0\u00a0 PH: 7,7 \u2013 8,5<br \/>&#8211;\u00a0\u00a0\u00a0\u00a0\u00a0\u00a0\u00a0 \u00e2me\/tranche blanc permanent<br \/><b>Propri\u00e9t\u00e9s de la qualit\u00e9 Conservation Board:<\/b><br \/>&#8211;\u00a0\u00a0\u00a0\u00a0\u00a0\u00a0\u00a0 r\u00e9sistance au temps selon la norme DIN ISO 9706<br \/>&#8211;\u00a0\u00a0\u00a0\u00a0\u00a0\u00a0\u00a0 sans acide par tamponnage au carbonate de calcium<br \/>&#8211;\u00a0\u00a0\u00a0\u00a0\u00a0\u00a0\u00a0 PH: 8,0 \u2013 9,0<br \/><b>Propri\u00e9t\u00e9s de la qualit\u00e9 Conservation Board:<\/b><br \/>&#8211;\u00a0\u00a0\u00a0\u00a0\u00a0\u00a0\u00a0 pur cellulose de coton de qualit\u00e9 sup\u00e9rieure<br \/>&#8211;\u00a0\u00a0\u00a0\u00a0\u00a0\u00a0\u00a0 mat\u00e9riau color\u00e9 dans la masse<br \/>&#8211;\u00a0\u00a0\u00a0\u00a0\u00a0\u00a0\u00a0 r\u00e9sistance au temps selon la norme DIN ISO 9706<br \/>&#8211;\u00a0\u00a0\u00a0\u00a0\u00a0\u00a0\u00a0 sans acide par tamponnage au carbonate de calcium<br \/>&#8211;\u00a0\u00a0\u00a0\u00a0\u00a0\u00a0\u00a0 PH: 8,0 \u2013 9,0<br \/><b>Propri\u00e9t\u00e9s de la qualit\u00e9 mus\u00e9e (MSK):<\/b><br \/>&#8211; r\u00e9sistance au temps selon la norme DIN ISO 9706<br \/>&#8211; mat\u00e9riau color\u00e9 dans la masse<br \/>&#8211; sans acide par tamponnage au carbonate de calcium<br \/>&#8211; PH: 8,0 \u2013 9,0<\/p>\n<p>Herstellerinformationen:<\/p>\n<p>Passepartout-Werkstatt<br \/>B\u00e4ckerstr. 2<br \/>21379 Echem<\/p>\n<p>info@passepartout-werkstatt.de<\/p>\n","protected":false},"excerpt":{"rendered":"<p>Disponible en 2 formats et 12 couleurs.<\/p>\n","protected":false},"featured_media":3481,"comment_status":"open","ping_status":"closed","template":"","meta":{"_uag_custom_page_level_css":"","site-sidebar-layout":"default","site-content-layout":"","ast-site-content-layout":"default","site-content-style":"default","site-sidebar-style":"default","ast-global-header-display":"","ast-banner-title-visibility":"","ast-main-header-display":"","ast-hfb-above-header-display":"","ast-hfb-below-header-display":"","ast-hfb-mobile-header-display":"","site-post-title":"","ast-breadcrumbs-content":"","ast-featured-img":"","footer-sml-layout":"","ast-disable-related-posts":"","theme-transparent-header-meta":"default","adv-header-id-meta":"","stick-header-meta":"","header-above-stick-meta":"","header-main-stick-meta":"","header-below-stick-meta":"","astra-migrate-meta-layouts":"default","ast-page-background-enabled":"default","ast-page-background-meta":{"desktop":{"background-color":"var(--ast-global-color-4)","background-image":"","background-repeat":"repeat","background-position":"center center","background-size":"auto","background-attachment":"scroll","background-type":"","background-media":"","overlay-type":"","overlay-color":"","overlay-opacity":"","overlay-gradient":""},"tablet":{"background-color":"","background-image":"","background-repeat":"repeat","background-position":"center center","background-size":"auto","background-attachment":"scroll","background-type":"","background-media":"","overlay-type":"","overlay-color":"","overlay-opacity":"","overlay-gradient":""},"mobile":{"background-color":"","background-image":"","background-repeat":"repeat","background-position":"center center","background-size":"auto","background-attachment":"scroll","background-type":"","background-media":"","overlay-type":"","overlay-color":"","overlay-opacity":"","overlay-gradient":""}},"ast-content-background-meta":{"desktop":{"background-color":"var(--ast-global-color-5)","background-image":"","background-repeat":"repeat","background-position":"center center","background-size":"auto","background-attachment":"scroll","background-type":"","background-media":"","overlay-type":"","overlay-color":"","overlay-opacity":"","overlay-gradient":""},"tablet":{"background-color":"var(--ast-global-color-5)","background-image":"","background-repeat":"repeat","background-position":"center center","background-size":"auto","background-attachment":"scroll","background-type":"","background-media":"","overlay-type":"","overlay-color":"","overlay-opacity":"","overlay-gradient":""},"mobile":{"background-color":"var(--ast-global-color-5)","background-image":"","background-repeat":"repeat","background-position":"center center","background-size":"auto","background-attachment":"scroll","background-type":"","background-media":"","overlay-type":"","overlay-color":"","overlay-opacity":"","overlay-gradient":""}}},"product_brand":[],"product_cat":[119],"product_tag":[],"class_list":{"0":"post-4964","1":"product","2":"type-product","3":"status-publish","4":"has-post-thumbnail","6":"product_cat-passepartouts-einfach","7":"pa_ausschnitt-8-x-11-cm-rechteckig_fr","8":"pa_ausschnitt-8-x-12-cm-rechteckig_fr","9":"pa_ausschnittgroesse-8-x-11-cm_fr","10":"pa_ausschnittgroesse-8-x-12-cm_fr","11":"pa_farbe-weiss-gedeckt-101-cb_fr","12":"pa_farbe-weiss-lindbeige-102-cb_fr","13":"pa_farbe-weiss-naturweiss-101-rm_fr","14":"pa_farbe-weiss-porzellan-101-w_fr","15":"pa_farbe-weiss-rein-101-s_fr","16":"pa_farbe-creme-104-s_fr","17":"pa_farbe-weiss-rein-901-w_fr","18":"pa_farbe-grau-dunkel-902-w_fr","19":"pa_farbe-grau-hell-400-w_fr","20":"pa_farbe-grau-mittel-403-w_fr","21":"pa_farbe-schwarz-404-w_fr","22":"pa_farbe-weiss-elfenbein-102-w_fr","23":"desktop-align-left","24":"tablet-align-left","25":"mobile-align-left","26":"ast-product-gallery-layout-horizontal-slider","27":"ast-product-single-variable","28":"ast-product-tabs-layout-horizontal","30":"first","31":"instock","32":"taxable","33":"shipping-taxable","34":"purchasable","35":"product-type-variable","36":"has-default-attributes"},"uagb_featured_image_src":{"full":["https:\/\/staging.passepartout-versand.de\/wp-content\/uploads\/10010-10.jpg",2250,2250,false],"thumbnail":["https:\/\/staging.passepartout-versand.de\/wp-content\/uploads\/10010-10-150x150.jpg",150,150,true],"medium":["https:\/\/staging.passepartout-versand.de\/wp-content\/uploads\/10010-10-300x300.jpg",300,300,true],"medium_large":["https:\/\/staging.passepartout-versand.de\/wp-content\/uploads\/10010-10-768x768.jpg",768,768,true],"large":["https:\/\/staging.passepartout-versand.de\/wp-content\/uploads\/10010-10-1024x1024.jpg",1024,1024,true],"1536x1536":["https:\/\/staging.passepartout-versand.de\/wp-content\/uploads\/10010-10-1536x1536.jpg",1536,1536,true],"2048x2048":["https:\/\/staging.passepartout-versand.de\/wp-content\/uploads\/10010-10-2048x2048.jpg",2048,2048,true],"woocommerce_thumbnail":["https:\/\/staging.passepartout-versand.de\/wp-content\/uploads\/10010-10-300x300.jpg",300,300,true],"woocommerce_single":["https:\/\/staging.passepartout-versand.de\/wp-content\/uploads\/10010-10-600x600.jpg",600,600,true],"woocommerce_gallery_thumbnail":["https:\/\/staging.passepartout-versand.de\/wp-content\/uploads\/10010-10-100x100.jpg",100,100,true],"variation_swatches_image_size":["https:\/\/staging.passepartout-versand.de\/wp-content\/uploads\/10010-10-50x50.jpg",50,50,true],"variation_swatches_tooltip_size":["https:\/\/staging.passepartout-versand.de\/wp-content\/uploads\/10010-10-100x100.jpg",100,100,true]},"uagb_author_info":{"display_name":"Sven Hinrichs","author_link":"https:\/\/staging.passepartout-versand.de\/fr\/author\/"},"uagb_comment_info":0,"uagb_excerpt":"Disponible en 2 formats et 12 couleurs.","_links":{"self":[{"href":"https:\/\/staging.passepartout-versand.de\/fr\/wp-json\/wp\/v2\/product\/4964","targetHints":{"allow":["GET"]}}],"collection":[{"href":"https:\/\/staging.passepartout-versand.de\/fr\/wp-json\/wp\/v2\/product"}],"about":[{"href":"https:\/\/staging.passepartout-versand.de\/fr\/wp-json\/wp\/v2\/types\/product"}],"replies":[{"embeddable":true,"href":"https:\/\/staging.passepartout-versand.de\/fr\/wp-json\/wp\/v2\/comments?post=4964"}],"wp:featuredmedia":[{"embeddable":true,"href":"https:\/\/staging.passepartout-versand.de\/fr\/wp-json\/wp\/v2\/media\/3481"}],"wp:attachment":[{"href":"https:\/\/staging.passepartout-versand.de\/fr\/wp-json\/wp\/v2\/media?parent=4964"}],"wp:term":[{"taxonomy":"product_brand","embeddable":true,"href":"https:\/\/staging.passepartout-versand.de\/fr\/wp-json\/wp\/v2\/product_brand?post=4964"},{"taxonomy":"product_cat","embeddable":true,"href":"https:\/\/staging.passepartout-versand.de\/fr\/wp-json\/wp\/v2\/product_cat?post=4964"},{"taxonomy":"product_tag","embeddable":true,"href":"https:\/\/staging.passepartout-versand.de\/fr\/wp-json\/wp\/v2\/product_tag?post=4964"}],"curies":[{"name":"wp","href":"https:\/\/api.w.org\/{rel}","templated":true}]}}